{"id":1100,"date":"2024-01-09T14:35:01","date_gmt":"2024-01-09T14:35:01","guid":{"rendered":"https:\/\/exotek.ch\/allgemeine-nutzungsbedingungen\/"},"modified":"2024-02-07T09:49:26","modified_gmt":"2024-02-07T09:49:26","slug":"allgemeine-nutzungsbedingungen","status":"publish","type":"page","link":"https:\/\/exotek.ch\/de\/allgemeine-nutzungsbedingungen","title":{"rendered":"Allgemeine Nutzungsbedingungen"},"content":{"rendered":"<div class=\"fusion-fullwidth fullwidth-box fusion-builder-row-1 fusion-flex-container has-pattern-background has-mask-background nonhundred-percent-fullwidth non-hundred-percent-height-scrolling\" style=\"--awb-border-radius-top-left:0px;--awb-border-radius-top-right:0px;--awb-border-radius-bottom-right:0px;--awb-border-radius-bottom-left:0px;--awb-margin-top:25px;--awb-margin-bottom:100px;--awb-flex-wrap:wrap;\" ><div class=\"fusion-builder-row fusion-row fusion-flex-align-items-flex-start fusion-flex-content-wrap\" style=\"max-width:1996.8px;margin-left: calc(-4% \/ 2 );margin-right: calc(-4% \/ 2 );\"><div class=\"fusion-layout-column fusion_builder_column fusion-builder-column-0 fusion_builder_column_1_1 1_1 fusion-flex-column\" style=\"--awb-bg-size:cover;--awb-width-large:100%;--awb-margin-top-large:0px;--awb-spacing-right-large:1.92%;--awb-margin-bottom-large:20px;--awb-spacing-left-large:1.92%;--awb-width-medium:100%;--awb-order-medium:0;--awb-spacing-right-medium:1.92%;--awb-spacing-left-medium:1.92%;--awb-width-small:100%;--awb-order-small:0;--awb-spacing-right-small:1.92%;--awb-spacing-left-small:1.92%;\" data-scroll-devices=\"small-visibility,medium-visibility,large-visibility\"><div class=\"fusion-column-wrapper fusion-column-has-shadow fusion-flex-justify-content-flex-start fusion-content-layout-column\"><div class=\"fusion-title title fusion-title-1 sep-underline sep-solid fusion-title-text fusion-title-size-one\" style=\"--awb-margin-top-small:10px;--awb-margin-right-small:0px;--awb-margin-bottom-small:20px;--awb-margin-left-small:0px;--awb-sep-color:var(--awb-color4);\"><h1 class=\"fusion-title-heading title-heading-left fusion-responsive-typography-calculated\" style=\"margin:0;--fontSize:40;line-height:var(--awb-typography1-line-height);\">Allgemeine Nutzungsbedingungen<\/h1><\/div><\/div><\/div><div class=\"fusion-layout-column fusion_builder_column fusion-builder-column-1 fusion_builder_column_1_2 1_2 fusion-flex-column\" style=\"--awb-bg-size:cover;--awb-width-large:50%;--awb-margin-top-large:0px;--awb-spacing-right-large:3.84%;--awb-margin-bottom-large:20px;--awb-spacing-left-large:3.84%;--awb-width-medium:50%;--awb-order-medium:0;--awb-spacing-right-medium:3.84%;--awb-spacing-left-medium:3.84%;--awb-width-small:100%;--awb-order-small:0;--awb-spacing-right-small:1.92%;--awb-spacing-left-small:1.92%;\"><div class=\"fusion-column-wrapper fusion-column-has-shadow fusion-flex-justify-content-flex-start fusion-content-layout-column\"><div class=\"fusion-text fusion-text-1 footer-text\" style=\"--awb-font-size:18px;\"><p><strong>Objet<\/strong><br \/>\nLes pr\u00e9sentes \u00ab conditions g\u00e9n\u00e9rales d\u2019utilisation \u00bb ont pour objet l\u2019encadrement juridique de l\u2019utilisation du site www.exotek.ch et de ses services. Ce contrat est conclu entre le g\u00e9rant du site internet, ci-apr\u00e8s d\u00e9sign\u00e9 \u00ab l\u2019\u00c9diteur \u00bb et toute personne physique ou morale souhaitant acc\u00e9der au site et \u00e0 ses services, ci-apr\u00e8s appel\u00e9 \u00ab l\u2019Utilisateur \u00bb. Les conditions g\u00e9n\u00e9rales d\u2019utilisation doivent \u00eatre accept\u00e9es par tout Utilisateur, et son acc\u00e8s au site vaut acceptation de ces conditions.<\/p>\n<p><strong>Mentions l\u00e9gales<\/strong><\/p>\n<p><strong>Pour les personnes morales :<\/strong><br \/>\nLe site www.exotek.ch est \u00e9dit\u00e9 par la soci\u00e9t\u00e9 Exotek S\u00e0rl, dont le si\u00e8ge social est situ\u00e9 \u00e0 Lutry en Suisse. La soci\u00e9t\u00e9 est repr\u00e9sent\u00e9e par M. Lionel Marques, propri\u00e9taire et g\u00e9rant.<\/p>\n<p><strong>Pour les personnes physiques :<\/strong><br \/>\nLe site www.exotek.ch est \u00e9dit\u00e9 par Lionel Marques, domicili\u00e9 \u00e0 la rue Friporte 11, 1095 Lutry.<\/p>\n<p><strong>Acc\u00e8s au contenu<\/strong><br \/>\nTout Utilisateur ayant acc\u00e8s \u00e0 internet peut acc\u00e9der gratuitement et depuis n\u2019importe o\u00f9 au site. Les frais support\u00e9s par l\u2019Utilisateur pour y acc\u00e9der (connexion internet, mat\u00e9riel informatique, etc.) ne sont pas \u00e0 la charge de l\u2019\u00c9diteur.<\/p>\n<p>Le site et ses diff\u00e9rents services peuvent \u00eatre interrompus ou suspendus par l\u2019\u00c9diteur, notamment \u00e0 l\u2019occasion d\u2019une maintenance, sans obligation de pr\u00e9avis ou de justification<\/p>\n<p><strong>Responsabilit\u00e9 de l\u2019Utilisateur<\/strong><br \/>\nL\u2019Utilisateur est responsable des risques li\u00e9s \u00e0 l\u2019utilisation de son identifiant de connexion et de son mot de passe.<\/p>\n<p>Le mot de passe de l\u2019Utilisateur doit rester secret. En cas de divulgation de mot de passe, l\u2019\u00c9diteur d\u00e9cline toute responsabilit\u00e9.<\/p>\n<p>L\u2019Utilisateur assume l\u2019enti\u00e8re responsabilit\u00e9 de l\u2019utilisation qu\u2019il fait des informations et contenus pr\u00e9sents sur le site www.exotek.ch<\/p>\n<p><strong>Responsabilit\u00e9 de l\u2019\u00c9diteur<\/strong><br \/>\nTout dysfonctionnement du serveur ou du r\u00e9seau ne peut engager la responsabilit\u00e9 de l\u2019\u00c9diteur. De m\u00eame, la responsabilit\u00e9 du site ne peut \u00eatre engag\u00e9e en cas de force majeure ou du fait impr\u00e9visible et insurmontable d\u2019un tiers.<\/p>\n<p>Le site www.exotek.ch s\u2019engage \u00e0 mettre en \u0153uvre tous les moyens n\u00e9cessaires pour garantir la s\u00e9curit\u00e9 et la confidentialit\u00e9 des donn\u00e9es. Toutefois, il n\u2019apporte pas une garantie de s\u00e9curit\u00e9 totale.<\/p>\n<p>L\u2019\u00c9diteur se r\u00e9serve la facult\u00e9 d\u2019une non-garantie de la fiabilit\u00e9 des sources, bien que les informations diffus\u00e9es sur le site soient r\u00e9put\u00e9es fiables.<\/p>\n<\/div><\/div><\/div><div class=\"fusion-layout-column fusion_builder_column fusion-builder-column-2 fusion_builder_column_1_2 1_2 fusion-flex-column\" style=\"--awb-bg-size:cover;--awb-width-large:50%;--awb-margin-top-large:0px;--awb-spacing-right-large:3.84%;--awb-margin-bottom-large:20px;--awb-spacing-left-large:3.84%;--awb-width-medium:50%;--awb-order-medium:0;--awb-spacing-right-medium:3.84%;--awb-spacing-left-medium:3.84%;--awb-width-small:100%;--awb-order-small:0;--awb-spacing-right-small:1.92%;--awb-spacing-left-small:1.92%;\"><div class=\"fusion-column-wrapper fusion-column-has-shadow fusion-flex-justify-content-flex-start fusion-content-layout-column\"><div class=\"fusion-text fusion-text-2 footer-text\" style=\"--awb-font-size:18px;\"><p><strong>Propri\u00e9t\u00e9 intellectuelle<\/strong><br \/>\nLes contenus du site www.exotek.ch (logos, textes, \u00e9l\u00e9ments graphiques, vid\u00e9os, etc.) son prot\u00e9g\u00e9s par le droit d\u2019auteur, en vertu du Code de la propri\u00e9t\u00e9 intellectuelle.<\/p>\n<p>L\u2019Utilisateur devra obtenir l\u2019autorisation de l\u2019\u00e9diteur du site avant toute reproduction, copie ou publication de ces diff\u00e9rents contenus.<\/p>\n<p>Ces derniers peuvent \u00eatre utilis\u00e9s par les utilisateurs \u00e0 des fins priv\u00e9es ; tout usage commercial est interdit.<\/p>\n<p>L\u2019Utilisateur est enti\u00e8rement responsable de tout contenu qu\u2019il met en ligne et il s\u2019engage \u00e0 ne pas porter atteinte \u00e0 un tiers.<\/p>\n<p>L\u2019\u00c9diteur du site se r\u00e9serve le droit de mod\u00e9rer ou de supprimer librement et \u00e0 tout moment les contenus mis en ligne par les utilisateurs, et ce sans justification.<\/p>\n<p><strong>Donn\u00e9es personnelles<\/strong><br \/>\nL\u2019Utilisateur doit obligatoirement fournir des informations personnelles pour passer une commande sur le site.<\/p>\n<p>L\u2019adresse \u00e9lectronique (e-mail) de l\u2019utilisateur pourra notamment \u00eatre utilis\u00e9e par le site www.exotek.ch pour la communication d\u2019informations diverses et la gestion de la commande.<\/p>\n<p>www.exotek.ch garantit le respect de la vie priv\u00e9e de l\u2019utilisateur.L\u2019Utilisateur dispose d\u2019un droit d\u2019acc\u00e8s, de rectification, de suppression et d\u2019opposition de ses donn\u00e9es personnelles. L\u2019Utilisateur exerce ce droit par mail \u00e0 info@exotek.ch ou par voie postale \u00e0 Exotek S\u00e0rl, rue Friporte 11, 1095 Lutry<\/p>\n<p><strong>Liens hypertextes<\/strong><br \/>\nLes domaines vers lesquels m\u00e8nent les liens hypertextes pr\u00e9sents sur le site n\u2019engagent pas la responsabilit\u00e9 de l\u2019\u00c9diteur de www.exotek.ch, qui n\u2019a pas de contr\u00f4le sur ces liens.<\/p>\n<p>Il est possible pour un tiers de cr\u00e9er un lien vers une page du site www.exotek.ch sans autorisation expresse de l\u2019\u00e9diteur.<\/p>\n<p><strong>\u00c9volution des conditions g\u00e9n\u00e9rales<\/strong><br \/>\nLe site www.exotek.ch se r\u00e9serve le droit de modifier les clauses de ces conditions g\u00e9n\u00e9rales d\u2019utilisation \u00e0 tout moment et sans justification.<\/p>\n<p><strong>Droit applicable<\/strong><br \/>\nLe pr\u00e9sent contrat d\u00e9pend de la l\u00e9gislation suisse. En cas de litige non r\u00e9solu \u00e0 l\u2019amiable entre l\u2019Utilisateur et l\u2019\u00c9diteur, les tribunaux de l\u2019Est vaudois sont comp\u00e9tents pour r\u00e9gler le contentieux.<\/p>\n<\/div><\/div><\/div><\/div><\/div>\n","protected":false},"excerpt":{"rendered":"","protected":false},"author":1,"featured_media":0,"parent":0,"menu_order":0,"comment_status":"closed","ping_status":"closed","template":"100-width.php","meta":{"footnotes":""},"class_list":["post-1100","page","type-page","status-publish","hentry"],"_links":{"self":[{"href":"https:\/\/exotek.ch\/de\/wp-json\/wp\/v2\/pages\/1100","targetHints":{"allow":["GET"]}}],"collection":[{"href":"https:\/\/exotek.ch\/de\/wp-json\/wp\/v2\/pages"}],"about":[{"href":"https:\/\/exotek.ch\/de\/wp-json\/wp\/v2\/types\/page"}],"author":[{"embeddable":true,"href":"https:\/\/exotek.ch\/de\/wp-json\/wp\/v2\/users\/1"}],"replies":[{"embeddable":true,"href":"https:\/\/exotek.ch\/de\/wp-json\/wp\/v2\/comments?post=1100"}],"version-history":[{"count":2,"href":"https:\/\/exotek.ch\/de\/wp-json\/wp\/v2\/pages\/1100\/revisions"}],"predecessor-version":[{"id":1102,"href":"https:\/\/exotek.ch\/de\/wp-json\/wp\/v2\/pages\/1100\/revisions\/1102"}],"wp:attachment":[{"href":"https:\/\/exotek.ch\/de\/wp-json\/wp\/v2\/media?parent=1100"}],"curies":[{"name":"wp","href":"https:\/\/api.w.org\/{rel}","templated":true}]}}