{"id":1103,"date":"2024-01-04T18:18:11","date_gmt":"2024-01-04T18:18:11","guid":{"rendered":"https:\/\/exotek.ch\/allgemeine-geschaeftsbedingungen\/"},"modified":"2024-02-07T09:50:52","modified_gmt":"2024-02-07T09:50:52","slug":"allgemeine-geschaeftsbedingungen","status":"publish","type":"page","link":"https:\/\/exotek.ch\/de\/allgemeine-geschaeftsbedingungen","title":{"rendered":"Allgemeine Gesch\u00e4ftsbedingungen"},"content":{"rendered":"<div class=\"fusion-fullwidth fullwidth-box fusion-builder-row-1 fusion-flex-container has-pattern-background has-mask-background nonhundred-percent-fullwidth non-hundred-percent-height-scrolling\" style=\"--awb-border-radius-top-left:0px;--awb-border-radius-top-right:0px;--awb-border-radius-bottom-right:0px;--awb-border-radius-bottom-left:0px;--awb-margin-top:25px;--awb-margin-bottom:100px;--awb-flex-wrap:wrap;\" ><div class=\"fusion-builder-row fusion-row fusion-flex-align-items-flex-start fusion-flex-content-wrap\" style=\"max-width:1996.8px;margin-left: calc(-4% \/ 2 );margin-right: calc(-4% \/ 2 );\"><div class=\"fusion-layout-column fusion_builder_column fusion-builder-column-0 fusion_builder_column_1_1 1_1 fusion-flex-column\" style=\"--awb-bg-size:cover;--awb-width-large:100%;--awb-margin-top-large:0px;--awb-spacing-right-large:1.92%;--awb-margin-bottom-large:20px;--awb-spacing-left-large:1.92%;--awb-width-medium:100%;--awb-order-medium:0;--awb-spacing-right-medium:1.92%;--awb-spacing-left-medium:1.92%;--awb-width-small:100%;--awb-order-small:0;--awb-spacing-right-small:1.92%;--awb-spacing-left-small:1.92%;\" data-scroll-devices=\"small-visibility,medium-visibility,large-visibility\"><div class=\"fusion-column-wrapper fusion-column-has-shadow fusion-flex-justify-content-flex-start fusion-content-layout-column\"><div class=\"fusion-title title fusion-title-1 sep-underline sep-solid fusion-title-text fusion-title-size-one\" style=\"--awb-margin-top-small:10px;--awb-margin-right-small:0px;--awb-margin-bottom-small:20px;--awb-margin-left-small:0px;--awb-sep-color:var(--awb-color4);\"><h1 class=\"fusion-title-heading title-heading-left fusion-responsive-typography-calculated\" style=\"margin:0;--fontSize:40;line-height:var(--awb-typography1-line-height);\">Allgemeine Gesch\u00e4ftsbedingungen<\/h1><\/div><\/div><\/div><div class=\"fusion-layout-column fusion_builder_column fusion-builder-column-1 fusion_builder_column_1_2 1_2 fusion-flex-column\" style=\"--awb-bg-size:cover;--awb-width-large:50%;--awb-margin-top-large:0px;--awb-spacing-right-large:3.84%;--awb-margin-bottom-large:20px;--awb-spacing-left-large:3.84%;--awb-width-medium:50%;--awb-order-medium:0;--awb-spacing-right-medium:3.84%;--awb-spacing-left-medium:3.84%;--awb-width-small:100%;--awb-order-small:0;--awb-spacing-right-small:1.92%;--awb-spacing-left-small:1.92%;\"><div class=\"fusion-column-wrapper fusion-column-has-shadow fusion-flex-justify-content-flex-start fusion-content-layout-column\"><div class=\"fusion-text fusion-text-1 footer-text\" style=\"--awb-font-size:18px;\"><p><strong>Prix<br \/>\n<\/strong>Les prix sont indiqu\u00e9s en francs suisses, montants nets, TVA comprise et garantis.<br \/>\nLes articles b\u00e9n\u00e9ficiant d\u2019une garantie sont soumis aux conditions de l\u2019offre valable lors de l\u2019achat. La garantie prend effet \u00e0 la date de livraison de l\u2019article, justifi\u00e9e par le document d\u2019accompagnement (facture) que nous vous demandons de conserver soigneusement. Ne sont pas couverts : les dommages dus \u00e0 un mauvais entretien, au non respect du mode d\u2019emploi, ou \u00e0 une usure normale.<\/p>\n<p><strong>Disponibilit\u00e9<br \/>\n<\/strong>Notre engagement de livraison est nul en cas de d\u00e9faillance ou non-respect des d\u00e9lais d\u2019approvisionnement de la part de nos propres fournisseurs, et dans la mesure o\u00f9 cette indisponibilit\u00e9 n\u2019est pas imputable \u00e0 Exotek. En cas d\u2019indisponibilit\u00e9 d\u2019un produit, nous vous informerons dans les meilleurs d\u00e9lais.<\/p>\n<p><strong>Modalit\u00e9s de paiement<br \/>\n<\/strong>M\u00e9thodes de paiement : payement par avance ou sur facture sur notre compte bancaire.<\/p>\n<p><strong>Livraison et transport<br \/>\n<\/strong>L\u2019envoi des articles disponibles est effectu\u00e9 par poste dans un d\u00e9lai de 5 \u00e0 8 jours environ. Une participation de votre part est demand\u00e9e une seule fois par commande.<\/p>\n<p>A NOTER : Exotek ne livre pas ses colis en case postale.<\/p>\n<\/div><\/div><\/div><div class=\"fusion-layout-column fusion_builder_column fusion-builder-column-2 fusion_builder_column_1_2 1_2 fusion-flex-column\" style=\"--awb-bg-size:cover;--awb-width-large:50%;--awb-margin-top-large:0px;--awb-spacing-right-large:3.84%;--awb-margin-bottom-large:20px;--awb-spacing-left-large:3.84%;--awb-width-medium:50%;--awb-order-medium:0;--awb-spacing-right-medium:3.84%;--awb-spacing-left-medium:3.84%;--awb-width-small:100%;--awb-order-small:0;--awb-spacing-right-small:1.92%;--awb-spacing-left-small:1.92%;\"><div class=\"fusion-column-wrapper fusion-column-has-shadow fusion-flex-justify-content-flex-start fusion-content-layout-column\"><div class=\"fusion-text fusion-text-2 footer-text\" style=\"--awb-font-size:18px;\"><p><strong>Retour ou \u00e9change de marchandises<\/strong><br \/>\nLes articles doivent \u00eatre renvoy\u00e9s intacts et complets dans leur emballage d\u2019origine (avec les \u00e9tiquettes comportant leurs r\u00e9f\u00e9rences), accompagn\u00e9s du bordereau de livraison, dans un d\u00e9lai de 7 jours apr\u00e8s r\u00e9ception de votre colis. Les frais de port li\u00e9s au retour sont \u00e0 votre charge. Dans le cas d\u2019une commande \u00e9change, les frais de port de votre nouvelle commande vous restent offerts.<\/p>\n<p><strong>Garantie l\u00e9gales<\/strong><br \/>\nV\u00e9rifiez l\u2019\u00e9tat des marchandises livr\u00e9es sans attendre pour exclure des vices de mati\u00e8re et de fabrication manifestes, ainsi que des dommages dus au transport. Conform\u00e9ment \u00e0 la loi, vous \u00eates oblig\u00e9 de nous signaler tout d\u00e9faut ou anomalie affectant les marchandises livr\u00e9es pour nous permettre d\u2019y rem\u00e9dier.<\/p>\n<p><strong>Protection des donn\u00e9es<\/strong><br \/>\nToutes les donn\u00e9es \u00e0 caract\u00e8re personnel seront consid\u00e9r\u00e9es comme confidentielles. Les informations n\u00e9cessaires \u00e0 la gestion de la commande feront l\u2019objet d\u2019un traitement informatique et peuvent \u00eatre communiqu\u00e9es \u00e0 des entreprises associ\u00e9es dans le cadre de la gestion de la commande.<\/p>\n<p><strong>Droit applicable et for juridique<\/strong><br \/>\nLe droit applicable est le droit Suisse, et tout litige sera trait\u00e9 par le Tribunal d\u2019arrondissement de Lausanne.<\/p>\n<\/div><\/div><\/div><\/div><\/div>\n","protected":false},"excerpt":{"rendered":"","protected":false},"author":1,"featured_media":0,"parent":0,"menu_order":0,"comment_status":"closed","ping_status":"closed","template":"100-width.php","meta":{"footnotes":""},"class_list":["post-1103","page","type-page","status-publish","hentry"],"_links":{"self":[{"href":"https:\/\/exotek.ch\/de\/wp-json\/wp\/v2\/pages\/1103","targetHints":{"allow":["GET"]}}],"collection":[{"href":"https:\/\/exotek.ch\/de\/wp-json\/wp\/v2\/pages"}],"about":[{"href":"https:\/\/exotek.ch\/de\/wp-json\/wp\/v2\/types\/page"}],"author":[{"embeddable":true,"href":"https:\/\/exotek.ch\/de\/wp-json\/wp\/v2\/users\/1"}],"replies":[{"embeddable":true,"href":"https:\/\/exotek.ch\/de\/wp-json\/wp\/v2\/comments?post=1103"}],"version-history":[{"count":2,"href":"https:\/\/exotek.ch\/de\/wp-json\/wp\/v2\/pages\/1103\/revisions"}],"predecessor-version":[{"id":1105,"href":"https:\/\/exotek.ch\/de\/wp-json\/wp\/v2\/pages\/1103\/revisions\/1105"}],"wp:attachment":[{"href":"https:\/\/exotek.ch\/de\/wp-json\/wp\/v2\/media?parent=1103"}],"curies":[{"name":"wp","href":"https:\/\/api.w.org\/{rel}","templated":true}]}}