{"id":1122,"date":"2024-01-04T10:01:01","date_gmt":"2024-01-04T10:01:01","guid":{"rendered":"https:\/\/exotek.ch\/technologie\/"},"modified":"2024-03-10T16:21:45","modified_gmt":"2024-03-10T16:21:45","slug":"technologie","status":"publish","type":"page","link":"https:\/\/exotek.ch\/de\/technologie","title":{"rendered":"Technologie"},"content":{"rendered":"<p><div class=\"fusion-fullwidth fullwidth-box fusion-builder-row-1 fusion-flex-container has-pattern-background has-mask-background nonhundred-percent-fullwidth non-hundred-percent-height-scrolling\" style=\"--awb-border-radius-top-left:0px;--awb-border-radius-top-right:0px;--awb-border-radius-bottom-right:0px;--awb-border-radius-bottom-left:0px;--awb-margin-top:100px;--awb-margin-bottom:100px;--awb-flex-wrap:wrap;\" ><div class=\"fusion-builder-row fusion-row fusion-flex-align-items-flex-start fusion-flex-content-wrap\" style=\"max-width:1996.8px;margin-left: calc(-4% \/ 2 );margin-right: calc(-4% \/ 2 );\"><div class=\"fusion-layout-column fusion_builder_column fusion-builder-column-0 fusion-flex-column\" style=\"--awb-bg-size:cover;--awb-width-large:24%;--awb-margin-top-large:0px;--awb-spacing-right-large:8%;--awb-margin-bottom-large:20px;--awb-spacing-left-large:8%;--awb-width-medium:24%;--awb-order-medium:0;--awb-spacing-right-medium:8%;--awb-spacing-left-medium:8%;--awb-width-small:100%;--awb-order-small:0;--awb-spacing-right-small:1.92%;--awb-spacing-left-small:1.92%;\" data-scroll-devices=\"small-visibility,medium-visibility,large-visibility\"><div class=\"fusion-column-wrapper fusion-column-has-shadow fusion-flex-justify-content-flex-start fusion-content-layout-column\"><\/div><\/div><div class=\"fusion-layout-column fusion_builder_column fusion-builder-column-1 fusion-flex-column\" style=\"--awb-bg-size:cover;--awb-width-large:52%;--awb-margin-top-large:0px;--awb-spacing-right-large:3.6923076923077%;--awb-margin-bottom-large:20px;--awb-spacing-left-large:3.6923076923077%;--awb-width-medium:52%;--awb-order-medium:0;--awb-spacing-right-medium:3.6923076923077%;--awb-spacing-left-medium:3.6923076923077%;--awb-width-small:100%;--awb-order-small:0;--awb-spacing-right-small:1.92%;--awb-spacing-left-small:1.92%;\" data-scroll-devices=\"small-visibility,medium-visibility,large-visibility\"><div class=\"fusion-column-wrapper fusion-column-has-shadow fusion-flex-justify-content-flex-start fusion-content-layout-column\"><div class=\"fusion-title title fusion-title-1 fusion-sep-none fusion-title-text fusion-title-size-one\" style=\"--awb-margin-top-small:10px;--awb-margin-right-small:0px;--awb-margin-bottom-small:20px;--awb-margin-left-small:0px;\"><h1 class=\"fusion-title-heading title-heading-left fusion-responsive-typography-calculated\" style=\"margin:0;--fontSize:40;line-height:var(--awb-typography1-line-height);\">Leistung<\/h1><\/div><div class=\"fusion-text fusion-text-1\" style=\"--awb-font-size:30px;--awb-line-height:36px;--awb-text-color:var(--awb-color6);\"><p style=\"text-align: left;\">Alle unsere Ger\u00e4te sind mit SILVER-SILK\u00ae isoliert, einem Produkt der deutschen Firma YSHIELD\u00ae. Dieses weiche und leichte Abschirmgewebe besteht aus Nylon-Silberf\u00e4den. Es wurde speziell entwickelt, um nicht ionisierende, hochfrequente (HF) und niederfrequente (LF) Strahlung zu blockieren.<\/p>\n<\/div><\/div><\/div><div class=\"fusion-layout-column fusion_builder_column fusion-builder-column-2 fusion-flex-column\" style=\"--awb-bg-size:cover;--awb-width-large:24%;--awb-margin-top-large:0px;--awb-spacing-right-large:8%;--awb-margin-bottom-large:20px;--awb-spacing-left-large:8%;--awb-width-medium:24%;--awb-order-medium:0;--awb-spacing-right-medium:8%;--awb-spacing-left-medium:8%;--awb-width-small:100%;--awb-order-small:0;--awb-spacing-right-small:1.92%;--awb-spacing-left-small:1.92%;\" data-scroll-devices=\"small-visibility,medium-visibility,large-visibility\"><div class=\"fusion-column-wrapper fusion-column-has-shadow fusion-flex-justify-content-flex-start fusion-content-layout-column\"><\/div><\/div><\/div><\/div><div class=\"fusion-fullwidth fullwidth-box fusion-builder-row-2 fusion-flex-container has-pattern-background has-mask-background nonhundred-percent-fullwidth non-hundred-percent-height-scrolling\" style=\"--awb-border-radius-top-left:0px;--awb-border-radius-top-right:0px;--awb-border-radius-bottom-right:0px;--awb-border-radius-bottom-left:0px;--awb-flex-wrap:wrap;\" ><div class=\"fusion-builder-row fusion-row fusion-flex-align-items-flex-start fusion-flex-content-wrap\" style=\"max-width:1996.8px;margin-left: calc(-4% \/ 2 );margin-right: calc(-4% \/ 2 );\"><div class=\"fusion-layout-column fusion_builder_column fusion-builder-column-3 fusion-flex-column\" style=\"--awb-bg-size:cover;--awb-width-large:24%;--awb-margin-top-large:0px;--awb-spacing-right-large:8%;--awb-margin-bottom-large:20px;--awb-spacing-left-large:8%;--awb-width-medium:24%;--awb-order-medium:0;--awb-spacing-right-medium:8%;--awb-spacing-left-medium:8%;--awb-width-small:100%;--awb-order-small:0;--awb-spacing-right-small:1.92%;--awb-spacing-left-small:1.92%;\" data-scroll-devices=\"small-visibility,medium-visibility,large-visibility\"><div class=\"fusion-column-wrapper fusion-column-has-shadow fusion-flex-justify-content-flex-start fusion-content-layout-column\"><\/div><\/div><div class=\"fusion-layout-column fusion_builder_column fusion-builder-column-4 fusion-flex-column\" style=\"--awb-bg-size:cover;--awb-width-large:52%;--awb-margin-top-large:0px;--awb-spacing-right-large:3.6923076923077%;--awb-margin-bottom-large:20px;--awb-spacing-left-large:3.6923076923077%;--awb-width-medium:52%;--awb-order-medium:0;--awb-spacing-right-medium:3.6923076923077%;--awb-spacing-left-medium:3.6923076923077%;--awb-width-small:100%;--awb-order-small:0;--awb-spacing-right-small:1.92%;--awb-spacing-left-small:1.92%;\" data-scroll-devices=\"small-visibility,medium-visibility,large-visibility\"><div class=\"fusion-column-wrapper fusion-column-has-shadow fusion-flex-justify-content-flex-start fusion-content-layout-column\"><div class=\"fusion-title title fusion-title-2 fusion-sep-none fusion-title-text fusion-title-size-two\" style=\"--awb-margin-top-small:10px;--awb-margin-right-small:0px;--awb-margin-bottom-small:20px;--awb-margin-left-small:0px;\"><h2 class=\"fusion-title-heading title-heading-left fusion-responsive-typography-calculated\" style=\"margin:0;--fontSize:40;line-height:var(--awb-typography1-line-height);\">Messungen<\/h2><\/div><div class=\"fusion-text fusion-text-2\" style=\"--awb-text-color:var(--awb-color2);\"><p style=\"text-align: left;\">Die folgende Grafik zeigt die Ergebnisse, die die Wirksamkeit des Schutzes vor nichtionisierender Strahlung messen. Die Messungen demonstrieren die jeweilige Isolierf\u00e4higkeit unserer beiden Bekleidungslinien.<\/p>\n<p style=\"text-align: left;\">Le test a \u00e9t\u00e9 effectu\u00e9 le 11 d\u00e9cembre 2019 par Enkom SA, laboratoire ind\u00e9pendant, en conditions r\u00e9elles.<\/p>\n<\/div><div class=\"fusion-image-element \" style=\"text-align:center;--awb-margin-top:125px;--awb-caption-title-font-family:var(--h2_typography-font-family);--awb-caption-title-font-weight:var(--h2_typography-font-weight);--awb-caption-title-font-style:var(--h2_typography-font-style);--awb-caption-title-size:var(--h2_typography-font-size);--awb-caption-title-transform:var(--h2_typography-text-transform);--awb-caption-title-line-height:var(--h2_typography-line-height);--awb-caption-title-letter-spacing:var(--h2_typography-letter-spacing);\"><span class=\" fusion-imageframe imageframe-none imageframe-1 hover-type-none\"><img loading=\"lazy\" decoding=\"async\" width=\"200\" height=\"80\" title=\"Exotek &#8211; Gammes 60 et 76\" src=\"https:\/\/exotek.ch\/wp-content\/uploads\/2024\/01\/exotek-picto-gammes-60-76.png\" alt class=\"img-responsive wp-image-946\"\/><\/span><\/div><div class=\"fusion-image-element \" style=\"text-align:center;--awb-margin-top:125px;--awb-caption-title-font-family:var(--h2_typography-font-family);--awb-caption-title-font-weight:var(--h2_typography-font-weight);--awb-caption-title-font-style:var(--h2_typography-font-style);--awb-caption-title-size:var(--h2_typography-font-size);--awb-caption-title-transform:var(--h2_typography-text-transform);--awb-caption-title-line-height:var(--h2_typography-line-height);--awb-caption-title-letter-spacing:var(--h2_typography-letter-spacing);\"><span class=\" fusion-imageframe imageframe-none imageframe-2 hover-type-none\"><img loading=\"lazy\" decoding=\"async\" width=\"880\" height=\"370\" title=\"Enkom graphique de mesures\" src=\"https:\/\/exotek.ch\/wp-content\/uploads\/2024\/01\/exotek-enkom-graphic.png\" alt class=\"img-responsive wp-image-947\" srcset=\"https:\/\/exotek.ch\/wp-content\/uploads\/2024\/01\/exotek-enkom-graphic-200x84.png 200w, https:\/\/exotek.ch\/wp-content\/uploads\/2024\/01\/exotek-enkom-graphic-400x168.png 400w, https:\/\/exotek.ch\/wp-content\/uploads\/2024\/01\/exotek-enkom-graphic-600x252.png 600w, https:\/\/exotek.ch\/wp-content\/uploads\/2024\/01\/exotek-enkom-graphic-800x336.png 800w, https:\/\/exotek.ch\/wp-content\/uploads\/2024\/01\/exotek-enkom-graphic.png 880w\" sizes=\"auto, (max-width: 1024px) 100vw, 880px\" \/><\/span><\/div><\/div><\/div><div class=\"fusion-layout-column fusion_builder_column fusion-builder-column-5 fusion-flex-column\" style=\"--awb-bg-size:cover;--awb-width-large:24%;--awb-margin-top-large:0px;--awb-spacing-right-large:8%;--awb-margin-bottom-large:20px;--awb-spacing-left-large:8%;--awb-width-medium:24%;--awb-order-medium:0;--awb-spacing-right-medium:8%;--awb-spacing-left-medium:8%;--awb-width-small:100%;--awb-order-small:0;--awb-spacing-right-small:1.92%;--awb-spacing-left-small:1.92%;\" data-scroll-devices=\"small-visibility,medium-visibility,large-visibility\"><div class=\"fusion-column-wrapper fusion-column-has-shadow fusion-flex-justify-content-flex-start fusion-content-layout-column\"><\/div><\/div><\/div><\/div><div class=\"fusion-fullwidth fullwidth-box fusion-builder-row-3 fusion-flex-container has-pattern-background has-mask-background nonhundred-percent-fullwidth non-hundred-percent-height-scrolling\" style=\"--awb-border-radius-top-left:0px;--awb-border-radius-top-right:0px;--awb-border-radius-bottom-right:0px;--awb-border-radius-bottom-left:0px;--awb-margin-top:175px;--awb-margin-bottom:150px;--awb-flex-wrap:wrap;\" ><div class=\"fusion-builder-row fusion-row fusion-flex-align-items-flex-start fusion-flex-content-wrap\" style=\"max-width:1996.8px;margin-left: calc(-4% \/ 2 );margin-right: calc(-4% \/ 2 );\"><div class=\"fusion-layout-column fusion_builder_column fusion-builder-column-6 fusion-flex-column\" style=\"--awb-bg-size:cover;--awb-width-large:24%;--awb-margin-top-large:0px;--awb-spacing-right-large:8%;--awb-margin-bottom-large:20px;--awb-spacing-left-large:8%;--awb-width-medium:24%;--awb-order-medium:0;--awb-spacing-right-medium:8%;--awb-spacing-left-medium:8%;--awb-width-small:100%;--awb-order-small:0;--awb-spacing-right-small:1.92%;--awb-spacing-left-small:1.92%;\" data-scroll-devices=\"small-visibility,medium-visibility,large-visibility\"><div class=\"fusion-column-wrapper fusion-column-has-shadow fusion-flex-justify-content-flex-start fusion-content-layout-column\"><\/div><\/div><div class=\"fusion-layout-column fusion_builder_column fusion-builder-column-7 fusion-flex-column\" style=\"--awb-bg-size:cover;--awb-width-large:52%;--awb-margin-top-large:0px;--awb-spacing-right-large:3.6923076923077%;--awb-margin-bottom-large:20px;--awb-spacing-left-large:3.6923076923077%;--awb-width-medium:52%;--awb-order-medium:0;--awb-spacing-right-medium:3.6923076923077%;--awb-spacing-left-medium:3.6923076923077%;--awb-width-small:100%;--awb-order-small:0;--awb-spacing-right-small:1.92%;--awb-spacing-left-small:1.92%;\" data-scroll-devices=\"small-visibility,medium-visibility,large-visibility\"><div class=\"fusion-column-wrapper fusion-column-has-shadow fusion-flex-justify-content-flex-start fusion-content-layout-column\"><div class=\"fusion-separator fusion-full-width-sep\" style=\"align-self: center;margin-left: auto;margin-right: auto;margin-bottom:50px;width:100%;\"><div class=\"fusion-separator-border sep-single\" style=\"--awb-height:20px;--awb-amount:20px;border-color:var(--awb-color4);border-top-width:1px;\"><\/div><\/div><div class=\"fusion-title title fusion-title-3 fusion-sep-none fusion-title-text fusion-title-size-two\" style=\"--awb-margin-top-small:10px;--awb-margin-right-small:0px;--awb-margin-bottom-small:20px;--awb-margin-left-small:0px;\"><h2 class=\"fusion-title-heading title-heading-left fusion-responsive-typography-calculated\" style=\"margin:0;--fontSize:40;line-height:var(--awb-typography1-line-height);\">Merkmale<\/h2><\/div><div class=\"fusion-text fusion-text-3 awb-text-cols fusion-text-columns-2 fusion-text-no-margin footer-text\" style=\"--awb-font-size:18px;--awb-columns:2;--awb-column-spacing:2em;--awb-column-min-width:100px;--awb-margin-top:25px;--awb-margin-right:38%;--awb-margin-bottom:50px;--awb-text-font-family:&quot;urw-din-condensed&quot;;--awb-text-font-style:normal;--awb-text-font-weight:400;\"><p>Oberfl\u00e4chenleitf\u00e4higkeit :<\/p>\n<p>Schutz in Einzelschicht :<\/p>\n<p>Doppelschichtiger Schutz :<\/p>\n<p>0,2 ohm \/ pouce (2,54 cm)<\/p>\n<p>60DB<\/p>\n<p>76 DB<\/p>\n<\/div><div class=\"fusion-text fusion-text-4\" style=\"--awb-margin-right:38%;\"><p>Neben seiner hervorragenden Leistung wurde dieser in die Innenseite unserer Kleidung eingen\u00e4hte Panzerstoff auch wegen seiner Waschbest\u00e4ndigkeit ausgew\u00e4hlt, die ihn haltbarer macht.<\/p>\n<\/div><div class=\"fusion-separator fusion-full-width-sep\" style=\"align-self: center;margin-left: auto;margin-right: auto;margin-top:50px;margin-bottom:100px;width:100%;\"><div class=\"fusion-separator-border sep-single\" style=\"--awb-height:20px;--awb-amount:20px;border-color:var(--awb-color4);border-top-width:1px;\"><\/div><\/div><div style=\"text-align:center;\"><a class=\"fusion-button button-flat fusion-button-default-size button-default fusion-button-default button-1 fusion-button-default-span fusion-button-default-type\" target=\"_blank\" rel=\"noopener noreferrer\" href=\"https:\/\/exotek.ch\/wp-content\/uploads\/2024\/03\/exotek-mesure-immissions-large-bande-enkom.pdf\"><i class=\"fa-file-pdf fas awb-button__icon awb-button__icon--default button-icon-left\" aria-hidden=\"true\"><\/i><span class=\"fusion-button-text awb-button__text awb-button__text--default\">Den vollst\u00e4ndigen Bericht herunterladen<\/span><\/a><\/div><\/div><\/div><div class=\"fusion-layout-column fusion_builder_column fusion-builder-column-8 fusion-flex-column\" style=\"--awb-bg-size:cover;--awb-width-large:24%;--awb-margin-top-large:0px;--awb-spacing-right-large:8%;--awb-margin-bottom-large:20px;--awb-spacing-left-large:8%;--awb-width-medium:24%;--awb-order-medium:0;--awb-spacing-right-medium:8%;--awb-spacing-left-medium:8%;--awb-width-small:100%;--awb-order-small:0;--awb-spacing-right-small:1.92%;--awb-spacing-left-small:1.92%;\" data-scroll-devices=\"small-visibility,medium-visibility,large-visibility\"><div class=\"fusion-column-wrapper fusion-column-has-shadow fusion-flex-justify-content-flex-start fusion-content-layout-column\"><\/div><\/div><\/div><\/div><\/p>\n","protected":false},"excerpt":{"rendered":"","protected":false},"author":1,"featured_media":0,"parent":0,"menu_order":0,"comment_status":"closed","ping_status":"closed","template":"100-width.php","meta":{"footnotes":""},"class_list":["post-1122","page","type-page","status-publish","hentry"],"_links":{"self":[{"href":"https:\/\/exotek.ch\/de\/wp-json\/wp\/v2\/pages\/1122","targetHints":{"allow":["GET"]}}],"collection":[{"href":"https:\/\/exotek.ch\/de\/wp-json\/wp\/v2\/pages"}],"about":[{"href":"https:\/\/exotek.ch\/de\/wp-json\/wp\/v2\/types\/page"}],"author":[{"embeddable":true,"href":"https:\/\/exotek.ch\/de\/wp-json\/wp\/v2\/users\/1"}],"replies":[{"embeddable":true,"href":"https:\/\/exotek.ch\/de\/wp-json\/wp\/v2\/comments?post=1122"}],"version-history":[{"count":4,"href":"https:\/\/exotek.ch\/de\/wp-json\/wp\/v2\/pages\/1122\/revisions"}],"predecessor-version":[{"id":1393,"href":"https:\/\/exotek.ch\/de\/wp-json\/wp\/v2\/pages\/1122\/revisions\/1393"}],"wp:attachment":[{"href":"https:\/\/exotek.ch\/de\/wp-json\/wp\/v2\/media?parent=1122"}],"curies":[{"name":"wp","href":"https:\/\/api.w.org\/{rel}","templated":true}]}}