{"id":1141,"date":"2024-01-08T16:00:39","date_gmt":"2024-01-08T16:00:39","guid":{"rendered":"https:\/\/exotek.ch\/bestaetigung-der-bestellung\/"},"modified":"2024-02-07T17:35:13","modified_gmt":"2024-02-07T17:35:13","slug":"bestaetigung-der-bestellung","status":"publish","type":"page","link":"https:\/\/exotek.ch\/de\/bestaetigung-der-bestellung","title":{"rendered":"Best\u00e4tigung der Bestellung"},"content":{"rendered":"<div class=\"fusion-fullwidth fullwidth-box fusion-builder-row-1 fusion-flex-container has-pattern-background has-mask-background nonhundred-percent-fullwidth non-hundred-percent-height-scrolling\" style=\"--awb-border-radius-top-left:0px;--awb-border-radius-top-right:0px;--awb-border-radius-bottom-right:0px;--awb-border-radius-bottom-left:0px;--awb-margin-top:150px;--awb-margin-bottom:150px;--awb-flex-wrap:wrap;\" ><div class=\"fusion-builder-row fusion-row fusion-flex-align-items-flex-start fusion-flex-content-wrap\" style=\"max-width:1996.8px;margin-left: calc(-4% \/ 2 );margin-right: calc(-4% \/ 2 );\"><div class=\"fusion-layout-column fusion_builder_column fusion-builder-column-0 fusion_builder_column_1_1 1_1 fusion-flex-column\" style=\"--awb-bg-size:cover;--awb-width-large:100%;--awb-margin-top-large:0px;--awb-spacing-right-large:1.92%;--awb-margin-bottom-large:0px;--awb-spacing-left-large:1.92%;--awb-width-medium:100%;--awb-spacing-right-medium:1.92%;--awb-spacing-left-medium:1.92%;--awb-width-small:100%;--awb-spacing-right-small:1.92%;--awb-spacing-left-small:1.92%;\"><div class=\"fusion-column-wrapper fusion-flex-justify-content-flex-start fusion-content-layout-column\"><div class=\"fusion-text fusion-text-1\"><p><strong>Online-Bestellungen k\u00f6nnen derzeit nur in die Schweiz geliefert werden. Bitte kontaktieren Sie uns unter shop@exotek.ch f\u00fcr eine Lieferung au\u00dferhalb der Schweiz.<\/strong><\/p>\n<\/div><div class=\"fusion-separator fusion-full-width-sep\" style=\"align-self: center;margin-left: auto;margin-right: auto;margin-top:50px;width:100%;\"><\/div><div class=\"fusion-text fusion-text-2\"><div data-block-name=\"woocommerce\/checkout\" data-translated-with-w-p-m-l-t-m=\"1\" class=\"wp-block-woocommerce-checkout alignwide wc-block-checkout is-loading\">\n<div data-block-name=\"woocommerce\/checkout-fields-block\" data-translated-with-w-p-m-l-t-m=\"1\" class=\"wp-block-woocommerce-checkout-fields-block\">\n<div data-block-name=\"woocommerce\/checkout-express-payment-block\" data-translated-with-w-p-m-l-t-m=\"1\" class=\"wp-block-woocommerce-checkout-express-payment-block\"> <\/div>\n<div data-block-name=\"woocommerce\/checkout-contact-information-block\" data-translated-with-w-p-m-l-t-m=\"1\" class=\"wp-block-woocommerce-checkout-contact-information-block\"> <\/div>\n<div data-block-name=\"woocommerce\/checkout-shipping-method-block\" data-translated-with-w-p-m-l-t-m=\"1\" class=\"wp-block-woocommerce-checkout-shipping-method-block\"> <\/div>\n<div data-block-name=\"woocommerce\/checkout-pickup-options-block\" data-translated-with-w-p-m-l-t-m=\"1\" class=\"wp-block-woocommerce-checkout-pickup-options-block\"> <\/div>\n<div data-block-name=\"woocommerce\/checkout-shipping-address-block\" data-translated-with-w-p-m-l-t-m=\"1\" class=\"wp-block-woocommerce-checkout-shipping-address-block\"> <\/div>\n<div data-block-name=\"woocommerce\/checkout-billing-address-block\" data-translated-with-w-p-m-l-t-m=\"1\" class=\"wp-block-woocommerce-checkout-billing-address-block\"> <\/div>\n<div data-block-name=\"woocommerce\/checkout-shipping-methods-block\" data-translated-with-w-p-m-l-t-m=\"1\" class=\"wp-block-woocommerce-checkout-shipping-methods-block\"> <\/div>\n<div data-block-name=\"woocommerce\/checkout-payment-block\" data-translated-with-w-p-m-l-t-m=\"1\" class=\"wp-block-woocommerce-checkout-payment-block\"> <\/div>\n<div data-block-name=\"woocommerce\/checkout-order-note-block\" data-translated-with-w-p-m-l-t-m=\"1\" class=\"wp-block-woocommerce-checkout-order-note-block\"> <\/div>\n<div data-block-name=\"woocommerce\/checkout-terms-block\" data-translated-with-w-p-m-l-t-m=\"1\" class=\"wp-block-woocommerce-checkout-terms-block\"> <\/div>\n<div data-block-name=\"woocommerce\/checkout-actions-block\" data-translated-with-w-p-m-l-t-m=\"1\" class=\"wp-block-woocommerce-checkout-actions-block\"> <\/div>\n<\/div>\n<div data-block-name=\"woocommerce\/checkout-totals-block\" data-translated-with-w-p-m-l-t-m=\"1\" class=\"wp-block-woocommerce-checkout-totals-block\">\n<div data-block-name=\"woocommerce\/checkout-order-summary-block\" data-translated-with-w-p-m-l-t-m=\"1\" class=\"wp-block-woocommerce-checkout-order-summary-block\">\n<div data-block-name=\"woocommerce\/checkout-order-summary-cart-items-block\" data-translated-with-w-p-m-l-t-m=\"1\" class=\"wp-block-woocommerce-checkout-order-summary-cart-items-block\"> <\/div>\n<div data-block-name=\"woocommerce\/checkout-order-summary-coupon-form-block\" data-translated-with-w-p-m-l-t-m=\"1\" class=\"wp-block-woocommerce-checkout-order-summary-coupon-form-block\"> <\/div>\n<div data-block-name=\"woocommerce\/checkout-order-summary-totals-block\" class=\"wp-block-woocommerce-checkout-order-summary-totals-block\">\n<div data-block-name=\"woocommerce\/checkout-order-summary-subtotal-block\" data-translated-with-w-p-m-l-t-m=\"1\" class=\"wp-block-woocommerce-checkout-order-summary-subtotal-block\"> <\/div>\n<div data-block-name=\"woocommerce\/checkout-order-summary-discount-block\" data-translated-with-w-p-m-l-t-m=\"1\" class=\"wp-block-woocommerce-checkout-order-summary-discount-block\"> <\/div>\n<div data-block-name=\"woocommerce\/checkout-order-summary-fee-block\" data-translated-with-w-p-m-l-t-m=\"1\" class=\"wp-block-woocommerce-checkout-order-summary-fee-block\"> <\/div>\n<div data-block-name=\"woocommerce\/checkout-order-summary-shipping-block\" data-translated-with-w-p-m-l-t-m=\"1\" class=\"wp-block-woocommerce-checkout-order-summary-shipping-block\"> <\/div>\n<div data-block-name=\"woocommerce\/checkout-order-summary-taxes-block\" data-translated-with-w-p-m-l-t-m=\"1\" class=\"wp-block-woocommerce-checkout-order-summary-taxes-block\"> <\/div>\n<\/div>\n<\/div>\n<\/div>\n<\/div>\n<\/div><\/div><\/div><\/div><\/div>\n","protected":false},"excerpt":{"rendered":"","protected":false},"author":1,"featured_media":0,"parent":0,"menu_order":0,"comment_status":"closed","ping_status":"closed","template":"100-width.php","meta":{"footnotes":""},"class_list":["post-1141","page","type-page","status-publish","hentry"],"_links":{"self":[{"href":"https:\/\/exotek.ch\/de\/wp-json\/wp\/v2\/pages\/1141","targetHints":{"allow":["GET"]}}],"collection":[{"href":"https:\/\/exotek.ch\/de\/wp-json\/wp\/v2\/pages"}],"about":[{"href":"https:\/\/exotek.ch\/de\/wp-json\/wp\/v2\/types\/page"}],"author":[{"embeddable":true,"href":"https:\/\/exotek.ch\/de\/wp-json\/wp\/v2\/users\/1"}],"replies":[{"embeddable":true,"href":"https:\/\/exotek.ch\/de\/wp-json\/wp\/v2\/comments?post=1141"}],"version-history":[{"count":1,"href":"https:\/\/exotek.ch\/de\/wp-json\/wp\/v2\/pages\/1141\/revisions"}],"predecessor-version":[{"id":1142,"href":"https:\/\/exotek.ch\/de\/wp-json\/wp\/v2\/pages\/1141\/revisions\/1142"}],"wp:attachment":[{"href":"https:\/\/exotek.ch\/de\/wp-json\/wp\/v2\/media?parent=1141"}],"curies":[{"name":"wp","href":"https:\/\/api.w.org\/{rel}","templated":true}]}}