{"id":1200,"date":"2024-01-12T09:16:25","date_gmt":"2024-01-12T09:16:25","guid":{"rendered":"https:\/\/exotek.ch\/produit\/combi-76db-bodyguard\/"},"modified":"2024-02-10T10:51:41","modified_gmt":"2024-02-10T10:51:41","slug":"combi-76db-bodyguard","status":"publish","type":"product","link":"https:\/\/exotek.ch\/de\/produit\/combi-76db-bodyguard","title":{"rendered":"Combi 76DB-BODYGUARD"},"content":{"rendered":"<p><strong>Material<\/strong><br \/>Hergestellt in Portugal<br \/>65% Baumwolle<br \/>35% Polyamid<\/p>\n<p><strong>Weight<\/strong><br \/>170 gr\/m2<\/p>\n","protected":false},"excerpt":{"rendered":"<p>Der Anzug und seine Haube sch\u00fctzen den Arbeiter vollst\u00e4ndig vor nichtionisierenden Wellen auf Hochleistungsanlagen, die in Betrieb sind. Gef\u00fcttert mit zwei Lagen Yshield\u00ae-Silberstoff, absorbiert der Anzug 76 dB. Die Haube ist mit einem Gitter f\u00fcr die Sichtbarkeit versehen und bietet einen Schutz von 38 dB. Auch wenn sie gesch\u00fctzt sind, sollte die Dauer in der N\u00e4he von Einrichtungen jedoch begrenzt werden.<\/p>\n","protected":false},"featured_media":0,"template":"","meta":[],"product_brand":[],"product_cat":[69,66],"product_tag":[],"class_list":{"0":"post-1200","1":"product","2":"type-product","3":"status-publish","5":"product_cat-76db-de","6":"product_cat-berufskleidung","8":"first","9":"instock","10":"purchasable","11":"product-type-variable","12":"has-default-attributes"},"_links":{"self":[{"href":"https:\/\/exotek.ch\/de\/wp-json\/wp\/v2\/product\/1200","targetHints":{"allow":["GET"]}}],"collection":[{"href":"https:\/\/exotek.ch\/de\/wp-json\/wp\/v2\/product"}],"about":[{"href":"https:\/\/exotek.ch\/de\/wp-json\/wp\/v2\/types\/product"}],"wp:attachment":[{"href":"https:\/\/exotek.ch\/de\/wp-json\/wp\/v2\/media?parent=1200"}],"wp:term":[{"taxonomy":"product_brand","embeddable":true,"href":"https:\/\/exotek.ch\/de\/wp-json\/wp\/v2\/product_brand?post=1200"},{"taxonomy":"product_cat","embeddable":true,"href":"https:\/\/exotek.ch\/de\/wp-json\/wp\/v2\/product_cat?post=1200"},{"taxonomy":"product_tag","embeddable":true,"href":"https:\/\/exotek.ch\/de\/wp-json\/wp\/v2\/product_tag?post=1200"}],"curies":[{"name":"wp","href":"https:\/\/api.w.org\/{rel}","templated":true}]}}