{"id":1206,"date":"2024-01-12T08:58:52","date_gmt":"2024-01-12T08:58:52","guid":{"rendered":"https:\/\/exotek.ch\/produit\/sweat-4s\/"},"modified":"2024-01-12T08:58:52","modified_gmt":"2024-01-12T08:58:52","slug":"sweat-4s","status":"publish","type":"product","link":"https:\/\/exotek.ch\/de\/produit\/sweat-4s","title":{"rendered":"Sweat-4S"},"content":{"rendered":"<p><strong>Material<\/strong><br \/>Hergestellt in Taiwan<br \/>3-Schicht-Laminat<br \/>Nylon-K\u00f6per 100%<\/p>\n<p><strong>Weight<\/strong><br \/>170 gr\/m2<\/p>\n<p><strong>Werte<\/strong><br \/>15\u2019000 mm\/ 10\u2019000 g\/m2\/24h<br \/>Imper-respirierend<\/p>\n","protected":false},"excerpt":{"rendered":"<p>F\u00fcr eine Routinekontrolle oder um kleine allt\u00e4gliche Aufgaben in der N\u00e4he von Anlagen zu erledigen und sich durch das Tragen eines einfachen Sweatshirts vor nichtionisierenden Wellen gesch\u00fctzt zu wissen, das sollte Profis ansprechen.<\/p>\n","protected":false},"featured_media":0,"template":"","meta":[],"product_brand":[],"product_cat":[66,70],"product_tag":[],"class_list":{"0":"post-1206","1":"product","2":"type-product","3":"status-publish","5":"product_cat-berufskleidung","6":"product_cat-n1-de","8":"first","9":"instock","10":"purchasable","11":"product-type-variable","12":"has-default-attributes"},"_links":{"self":[{"href":"https:\/\/exotek.ch\/de\/wp-json\/wp\/v2\/product\/1206","targetHints":{"allow":["GET"]}}],"collection":[{"href":"https:\/\/exotek.ch\/de\/wp-json\/wp\/v2\/product"}],"about":[{"href":"https:\/\/exotek.ch\/de\/wp-json\/wp\/v2\/types\/product"}],"wp:attachment":[{"href":"https:\/\/exotek.ch\/de\/wp-json\/wp\/v2\/media?parent=1206"}],"wp:term":[{"taxonomy":"product_brand","embeddable":true,"href":"https:\/\/exotek.ch\/de\/wp-json\/wp\/v2\/product_brand?post=1206"},{"taxonomy":"product_cat","embeddable":true,"href":"https:\/\/exotek.ch\/de\/wp-json\/wp\/v2\/product_cat?post=1206"},{"taxonomy":"product_tag","embeddable":true,"href":"https:\/\/exotek.ch\/de\/wp-json\/wp\/v2\/product_tag?post=1206"}],"curies":[{"name":"wp","href":"https:\/\/api.w.org\/{rel}","templated":true}]}}