{"id":1220,"date":"2024-01-12T08:38:47","date_gmt":"2024-01-12T08:38:47","guid":{"rendered":"https:\/\/exotek.ch\/produit\/jacke-r\/"},"modified":"2024-01-12T08:38:47","modified_gmt":"2024-01-12T08:38:47","slug":"jacke-r","status":"publish","type":"product","link":"https:\/\/exotek.ch\/de\/produit\/jacke-r","title":{"rendered":"Jacke-R"},"content":{"rendered":"<p><strong>Material<\/strong><br \/>Hergestellt in Taiwan<br \/>3-Schicht-Laminat<br \/>Nylon-K\u00f6per 100%<\/p>\n<p><strong>Weight<\/strong><br \/>170 gr\/m2<\/p>\n<p><strong>Werte<\/strong><br \/>15\u2019000 mm\/ 10\u2019000 g\/m2\/24h<br \/>Imper-respirierend<\/p>\n","protected":false},"excerpt":{"rendered":"<p>Dies ist die Jacke, die wir bevorzugen, um vor Regen und Wind gesch\u00fctzt zu arbeiten. Dank ihres lockeren Schnitts kann sie \u00fcber die 4-Jahreszeiten-Softshell gezogen werden und erh\u00f6ht so den Schutz vor nichtionisierender Strahlung. Seine Taschen sind hoch positioniert, sodass Sie beim Tragen eines Geschirrs leicht darauf zugreifen k\u00f6nnen.<\/p>\n","protected":false},"featured_media":0,"template":"","meta":[],"product_brand":[],"product_cat":[66,70],"product_tag":[],"class_list":{"0":"post-1220","1":"product","2":"type-product","3":"status-publish","5":"product_cat-berufskleidung","6":"product_cat-n1-de","8":"first","9":"instock","10":"purchasable","11":"product-type-variable","12":"has-default-attributes"},"_links":{"self":[{"href":"https:\/\/exotek.ch\/de\/wp-json\/wp\/v2\/product\/1220","targetHints":{"allow":["GET"]}}],"collection":[{"href":"https:\/\/exotek.ch\/de\/wp-json\/wp\/v2\/product"}],"about":[{"href":"https:\/\/exotek.ch\/de\/wp-json\/wp\/v2\/types\/product"}],"wp:attachment":[{"href":"https:\/\/exotek.ch\/de\/wp-json\/wp\/v2\/media?parent=1220"}],"wp:term":[{"taxonomy":"product_brand","embeddable":true,"href":"https:\/\/exotek.ch\/de\/wp-json\/wp\/v2\/product_brand?post=1220"},{"taxonomy":"product_cat","embeddable":true,"href":"https:\/\/exotek.ch\/de\/wp-json\/wp\/v2\/product_cat?post=1220"},{"taxonomy":"product_tag","embeddable":true,"href":"https:\/\/exotek.ch\/de\/wp-json\/wp\/v2\/product_tag?post=1220"}],"curies":[{"name":"wp","href":"https:\/\/api.w.org\/{rel}","templated":true}]}}