{"id":1224,"date":"2024-01-12T07:11:09","date_gmt":"2024-01-12T07:11:09","guid":{"rendered":"https:\/\/exotek.ch\/produit\/sweat-60db-4s\/"},"modified":"2024-01-12T07:11:09","modified_gmt":"2024-01-12T07:11:09","slug":"sweat-60db-4s","status":"publish","type":"product","link":"https:\/\/exotek.ch\/de\/produit\/sweat-60db-4s","title":{"rendered":"Sweat 60DB-4S"},"content":{"rendered":"<p><strong>Material<\/strong><br \/>Hergestellt in Indien<br \/>65% Baumwolle<br \/>35% Polyamid<\/p>\n<p><strong>Weight<\/strong><br \/>280 gr\/m2<\/p>\n","protected":false},"excerpt":{"rendered":"<p>F\u00fcr eine Routinekontrolle oder um kleine allt\u00e4gliche Aufgaben in der N\u00e4he von Anlagen zu erledigen und sich durch das Tragen eines einfachen Sweatshirts vor nichtionisierenden Wellen gesch\u00fctzt zu wissen, das sollte Profis ansprechen.<\/p>\n","protected":false},"featured_media":0,"template":"","meta":[],"product_brand":[],"product_cat":[68,66],"product_tag":[],"class_list":{"0":"post-1224","1":"product","2":"type-product","3":"status-publish","5":"product_cat-60db-de","6":"product_cat-berufskleidung","8":"first","9":"instock","10":"purchasable","11":"product-type-variable","12":"has-default-attributes"},"_links":{"self":[{"href":"https:\/\/exotek.ch\/de\/wp-json\/wp\/v2\/product\/1224","targetHints":{"allow":["GET"]}}],"collection":[{"href":"https:\/\/exotek.ch\/de\/wp-json\/wp\/v2\/product"}],"about":[{"href":"https:\/\/exotek.ch\/de\/wp-json\/wp\/v2\/types\/product"}],"wp:attachment":[{"href":"https:\/\/exotek.ch\/de\/wp-json\/wp\/v2\/media?parent=1224"}],"wp:term":[{"taxonomy":"product_brand","embeddable":true,"href":"https:\/\/exotek.ch\/de\/wp-json\/wp\/v2\/product_brand?post=1224"},{"taxonomy":"product_cat","embeddable":true,"href":"https:\/\/exotek.ch\/de\/wp-json\/wp\/v2\/product_cat?post=1224"},{"taxonomy":"product_tag","embeddable":true,"href":"https:\/\/exotek.ch\/de\/wp-json\/wp\/v2\/product_tag?post=1224"}],"curies":[{"name":"wp","href":"https:\/\/api.w.org\/{rel}","templated":true}]}}