{"id":1236,"date":"2024-01-11T20:47:42","date_gmt":"2024-01-11T20:47:42","guid":{"rendered":"https:\/\/exotek.ch\/produit\/hose-60db-4s\/"},"modified":"2024-01-11T20:47:42","modified_gmt":"2024-01-11T20:47:42","slug":"hose-60db-4s","status":"publish","type":"product","link":"https:\/\/exotek.ch\/de\/produit\/hose-60db-4s","title":{"rendered":"Hose 60DB-4S"},"content":{"rendered":"<p><strong>Material<\/strong><br \/>Hergestellt in Portugal<br \/>65% Baumwolle<br \/>35% Polyamid<\/p>\n<p><strong>Weight<\/strong><br \/>240 gr\/m2<\/p>\n","protected":false},"excerpt":{"rendered":"<p>Die ultimative Hose f\u00fcr Seilkletterer. Sie ist robust, sehr funktional und sicher mit ihren vielen Taschen, die mit Klettverschl\u00fcssen verschlossen werden, damit keine Gegenst\u00e4nde herausfallen, und sie ist auch sehr angenehm zu tragen. Der Schrittbereich ist aus Stretch-Textilien gefertigt, die es erm\u00f6glichen, in Streckung zu arbeiten, ohne dass der Stoff st\u00f6rt.<\/p>\n","protected":false},"featured_media":0,"template":"","meta":[],"product_brand":[],"product_cat":[68,66],"product_tag":[],"class_list":{"0":"post-1236","1":"product","2":"type-product","3":"status-publish","5":"product_cat-60db-de","6":"product_cat-berufskleidung","8":"first","9":"instock","10":"purchasable","11":"product-type-variable"},"_links":{"self":[{"href":"https:\/\/exotek.ch\/de\/wp-json\/wp\/v2\/product\/1236","targetHints":{"allow":["GET"]}}],"collection":[{"href":"https:\/\/exotek.ch\/de\/wp-json\/wp\/v2\/product"}],"about":[{"href":"https:\/\/exotek.ch\/de\/wp-json\/wp\/v2\/types\/product"}],"wp:attachment":[{"href":"https:\/\/exotek.ch\/de\/wp-json\/wp\/v2\/media?parent=1236"}],"wp:term":[{"taxonomy":"product_brand","embeddable":true,"href":"https:\/\/exotek.ch\/de\/wp-json\/wp\/v2\/product_brand?post=1236"},{"taxonomy":"product_cat","embeddable":true,"href":"https:\/\/exotek.ch\/de\/wp-json\/wp\/v2\/product_cat?post=1236"},{"taxonomy":"product_tag","embeddable":true,"href":"https:\/\/exotek.ch\/de\/wp-json\/wp\/v2\/product_tag?post=1236"}],"curies":[{"name":"wp","href":"https:\/\/api.w.org\/{rel}","templated":true}]}}